{"id":12459,"date":"2017-03-30T13:57:02","date_gmt":"2017-03-30T11:57:02","guid":{"rendered":"https:\/\/shop.toggenburg.it\/weine\/idda\/"},"modified":"2024-03-07T13:18:56","modified_gmt":"2024-03-07T12:18:56","slug":"idda","status":"publish","type":"product","link":"https:\/\/shop.toggenburg.it\/it\/vini\/idda\/","title":{"rendered":"Idda"},"content":{"rendered":"<p>Questo vino si distingue per il suo speciale metodo di produzione, che svela il segreto di un noto vitigno.<\/p>\n<p>&nbsp;<\/p>\n<p>Idda si gusta nel miglior modo possibile in una bella giornata estiva, sulla terrazza della tenuta Poggio Rozzi. Grazie all\u2019aroma di frutta fresca, all\u2019acidit\u00e0 vestita e a una gradazione alcolica moderata, un calice di Idda \u00e8 perfetto non solo come aperitivo, bens\u00ec in accompagnamento a piatti estivi come bruschetta, caprese di pomodori, prosciutto e melone, pesce e frutti di mare.<\/p>\n<p>&nbsp;<\/p>\n<p>Il nostro bianco ha origine da un Merlot rosso, che prospera in una posizione pi\u00f9 fresca, sul versante est di Vigna del Virginio. Il terreno \u00e8 principalmente argilloso, con isolate formazioni di depositi rocciosi. La minore esposizione al sole ci permette di dar vita a un bianco toscano con aromi di frutta fresca e una gradazione alcolica relativamente bassa. Dopo un\u2019accurata raccolta manuale, le uve vengono subito raffreddate e delicatamente pressate. Cos\u00ec, dai rossi grappoli del Merlot, si forma un mosto pressoch\u00e9 incolore, che fermenta lentamente in serbatoi di acciaio a temperatura controllata.<\/p>\n","protected":false},"excerpt":{"rendered":"<p>Merlot vinificato in bianco con aromi di pera, ananas, pompelmo e mandorla. Fresca acidit\u00e0 al palato, pera, mela, pompelmo, rotondo ed equilibrato. Contenuto alcolico moderato.<\/p>\n<div class=\"info-box-item\"><\/div>\n","protected":false},"featured_media":11957,"template":"","meta":[],"product_cat":[149],"product_tag":[],"class_list":{"0":"post-12459","1":"product","2":"type-product","3":"status-publish","4":"has-post-thumbnail","6":"product_cat-vino-bianco","8":"first","9":"instock","10":"taxable","11":"shipping-taxable","12":"purchasable","13":"product-type-simple"},"_links":{"self":[{"href":"https:\/\/shop.toggenburg.it\/it\/wp-json\/wp\/v2\/product\/12459","targetHints":{"allow":["GET"]}}],"collection":[{"href":"https:\/\/shop.toggenburg.it\/it\/wp-json\/wp\/v2\/product"}],"about":[{"href":"https:\/\/shop.toggenburg.it\/it\/wp-json\/wp\/v2\/types\/product"}],"wp:featuredmedia":[{"embeddable":true,"href":"https:\/\/shop.toggenburg.it\/it\/wp-json\/wp\/v2\/media\/11957"}],"wp:attachment":[{"href":"https:\/\/shop.toggenburg.it\/it\/wp-json\/wp\/v2\/media?parent=12459"}],"wp:term":[{"taxonomy":"product_cat","embeddable":true,"href":"https:\/\/shop.toggenburg.it\/it\/wp-json\/wp\/v2\/product_cat?post=12459"},{"taxonomy":"product_tag","embeddable":true,"href":"https:\/\/shop.toggenburg.it\/it\/wp-json\/wp\/v2\/product_tag?post=12459"}],"curies":[{"name":"wp","href":"https:\/\/api.w.org\/{rel}","templated":true}]}}